{"id":14275,"date":"2024-05-23T12:43:11","date_gmt":"2024-05-23T12:43:11","guid":{"rendered":"https:\/\/marketplussolutions.com\/terms-and-conditions\/"},"modified":"2025-07-17T11:33:10","modified_gmt":"2025-07-17T11:33:10","slug":"geschaftsbedingungen","status":"publish","type":"page","link":"https:\/\/marketplussolutions.com\/de\/geschaftsbedingungen\/","title":{"rendered":"gesch\u00e4ftsbedingungen"},"content":{"rendered":"\t\t<div data-elementor-type=\"wp-page\" data-elementor-id=\"14275\" class=\"elementor elementor-14275 elementor-6734\" data-elementor-post-type=\"page\">\n\t\t\t\t<div class=\"elementor-element elementor-element-c8584ac content-page e-flex e-con-boxed e-con e-parent\" data-id=\"c8584ac\" data-element_type=\"container\" data-e-type=\"container\">\n\t\t\t\t\t<div class=\"e-con-inner\">\n\t\t\t\t<div class=\"elementor-element elementor-element-418b546 elementor-widget elementor-widget-heading\" data-id=\"418b546\" data-element_type=\"widget\" data-e-type=\"widget\" data-widget_type=\"heading.default\">\n\t\t\t\t<div class=\"elementor-widget-container\">\n\t\t\t\t\t<h1 class=\"elementor-heading-title elementor-size-default\">Allgemeine Gesch\u00e4ftsbedingungen<\/h1>\t\t\t\t<\/div>\n\t\t\t\t<\/div>\n\t\t\t\t<div class=\"elementor-element elementor-element-20c923e elementor-widget elementor-widget-text-editor\" data-id=\"20c923e\" data-element_type=\"widget\" data-e-type=\"widget\" data-widget_type=\"text-editor.default\">\n\t\t\t\t<div class=\"elementor-widget-container\">\n\t\t\t\t\t\t\t\t\t<p><em>Einf\u00fchrung Willkommen bei der Market Plus Solutions GmbH. Durch den Zugriff auf unsere Dienstleistungen erkl\u00e4ren Sie sich mit den folgenden Allgemeinen Gesch\u00e4ftsbedingungen (die \u201eBedingungen\u201c) einverstanden. Bitte lesen Sie diese sorgf\u00e4ltig durch, da sie Ihre Nutzung unserer Website und Dienstleistungen regeln.<\/em><\/p><ol><li>Bereitgestellte Dienstleistungen Die <strong>Market Plus Solutions GmbH<\/strong> bietet digitale Marketingdienstleistungen an, einschlie\u00dflich, aber nicht beschr\u00e4nkt auf, Webdesign und -entwicklung, Suchmaschinenoptimierung, Inhaltserstellung und -vermarktung sowie Social Media Management. Ausf\u00fchrliche Beschreibungen dieser Dienstleistungen sind auf Anfrage oder auf unserer Website verf\u00fcgbar.<\/li><li>Pflichten des Nutzers Als Nutzer unserer Dienstleistungen erkl\u00e4ren Sie sich damit einverstanden:<\/li><\/ol><ul><li>Wahrheitsgem\u00e4\u00dfe, aktuelle und vollst\u00e4ndige Informationen \u00fcber sich und Ihr Unternehmen bereitzustellen, wie w\u00e4hrend des Serviceprozesses angefordert.<\/li><li>Die Vertraulichkeit Ihrer Kontoinformationen zu wahren und die Verantwortung f\u00fcr alle Aktivit\u00e4ten zu \u00fcbernehmen, die unter Ihrem Konto stattfinden.<\/li><li>Alle anwendbaren Gesetze und Vorschriften in Bezug auf die Nutzung unserer Dienstleistungen einzuhalten.<\/li><li>Unsere Dienstleistungen nur f\u00fcr rechtm\u00e4\u00dfige Zwecke zu nutzen und auf eine Weise, die keine Rechte Dritter verletzt, einschr\u00e4nkt oder die Nutzung und Freude anderer an unseren Dienstleistungen beeintr\u00e4chtigt.<\/li><\/ul><p>3. Zahlungsbedingungen<\/p><ol><li><strong>Geb\u00fchren<\/strong>: Die Geb\u00fchren f\u00fcr unsere Dienstleistungen sind in den individuellen Vertr\u00e4gen oder Servicevereinbarungen festgelegt.<\/li><li><strong>Zahlungsplan<\/strong>: Zahlungen sind wie in unserer Servicevereinbarung festgelegt f\u00e4llig, typischerweise im Voraus, monatlich oder nach Abschluss bestimmter Meilensteine.<\/li><li><strong>Zahlungsverzug<\/strong>: Bei versp\u00e4teten Zahlungen k\u00f6nnen zus\u00e4tzliche Geb\u00fchren anfallen oder die Dienstleistungen ausgesetzt werden<\/li><\/ol><p>4. Geistiges Eigentum<\/p><ul><li><strong>Unser IP<\/strong>: Alle Rechte an geistigem Eigentum in den bereitgestellten Dienstleistungen, einschlie\u00dflich, aber nicht beschr\u00e4nkt auf Texte, Grafiken, Logos, Bilder und Software, geh\u00f6ren der Market Plus Solutions GmbH oder sind an diese lizenziert.<\/li><li><strong>Kunden-IP<\/strong>: Kunden behalten alle Rechte an ihren Daten und geistigem Eigentum. Durch die Inanspruchnahme unserer Dienstleistungen gew\u00e4hren Sie uns jedoch eine Lizenz, Ihre Ressourcen zu nutzen, zu reproduzieren und zu modifizieren, soweit dies zur Erbringung der vereinbarten Dienstleistungen erforderlich ist.<\/li><\/ul><p>5. K\u00fcndigung<\/p><ul><li><strong>Durch den Kunden<\/strong>: Sie k\u00f6nnen die Servicevereinbarung mit einer im Vertrag angegebenen K\u00fcndigungsfrist beenden.<\/li><li><strong>Durch uns<\/strong>: Wir k\u00f6nnen den Zugang zu unseren Dienstleistungen aus beliebigem Grund, ohne vorherige Ank\u00fcndigung oder Haftung, sofort beenden oder aussetzen, insbesondere, wenn Sie gegen die Bedingungen versto\u00dfen.<\/li><\/ul><p>6. Haftungsbeschr\u00e4nkung Die Market Plus Solutions GmbH haftet nicht f\u00fcr indirekte, beil\u00e4ufige, besondere, Folgesch\u00e4den oder exemplarische Sch\u00e4den, einschlie\u00dflich, aber nicht beschr\u00e4nkt auf Sch\u00e4den aufgrund von entgangenem Gewinn, Verlust von Goodwill, Nutzung, Daten oder anderen immateriellen Verlusten, die durch die Nutzung oder die Unm\u00f6glichkeit der Nutzung des Dienstes entstehen.<\/p><p>7. Freistellung Sie erkl\u00e4ren sich damit einverstanden, die Market Plus Solutions GmbH und ihre Gesch\u00e4ftsf\u00fchrer, Mitarbeiter und Vertreter von jeglichen Anspr\u00fcchen, Haftungen, Sch\u00e4den, Verlusten und Ausgaben, einschlie\u00dflich Anwaltsgeb\u00fchren, freizustellen, die aus Ihrer Nutzung unserer Dienstleistungen, Ihrem Versto\u00df gegen diese Bedingungen oder Ihrer Verletzung von Gesetzen oder Rechten Dritter resultieren.<\/p><p>8. Anwendbares Recht und Gerichtsstand Diese Bedingungen unterliegen dem Recht des Landes Schleswig-Holstein, Deutschland, und werden nach diesen ausgelegt. Alle Streitigkeiten im Zusammenhang mit diesen Bedingungen unterliegen der ausschlie\u00dflichen Gerichtsbarkeit der Gerichte in Schleswig-Holstein, Deutschland.<\/p><p>9. \u00c4nderungen der Bedingungen Wir behalten uns das Recht vor, diese Bedingungen nach eigenem Ermessen jederzeit zu \u00e4ndern oder zu ersetzen. Falls eine \u00c4nderung wesentlich ist, werden wir mindestens 30 Tage im Voraus dar\u00fcber informieren, bevor neue Bedingungen in Kraft treten. Was eine wesentliche \u00c4nderung darstellt, wird nach unserem alleinigen Ermessen entschieden.<\/p><p>1o. Kontaktinformationen Wenn Sie Fragen zu diesen Bedingungen haben, kontaktieren Sie uns bitte unter:<\/p><p><strong>Kontakt<\/strong><\/p><p>Market Plus Solutions GmbH<\/p><p>Hamburger Str. 79a, 22949 Ammersbek, Schleswig-Holstein, Deutschland<\/p><p>(<a href=\"https:\/\/marketplussolutions.com\/de\/datenschutzbestimmungen\/\">datenschutzbestimmungen<\/a>)<\/p><p>+49 170 866 4098 (EU)<\/p><p><a rel=\"noopener\"><span>contact<\/span><span>@marketplussolutions<\/span><span>.com<\/span><\/a><\/p>\t\t\t\t\t\t\t\t<\/div>\n\t\t\t\t<\/div>\n\t\t\t\t\t<\/div>\n\t\t\t\t<\/div>\n\t\t\t\t<\/div>\n\t\t","protected":false},"excerpt":{"rendered":"<p>Allgemeine Gesch\u00e4ftsbedingungen Einf\u00fchrung Willkommen bei der Market Plus Solutions GmbH. Durch den Zugriff auf unsere Dienstleistungen erkl\u00e4ren Sie sich mit den folgenden Allgemeinen Gesch\u00e4ftsbedingungen (die \u201eBedingungen\u201c) einverstanden. Bitte lesen Sie diese sorgf\u00e4ltig durch, da sie Ihre Nutzung unserer Website und Dienstleistungen regeln. Bereitgestellte Dienstleistungen Die Market Plus Solutions GmbH bietet digitale Marketingdienstleistungen an, einschlie\u00dflich, aber [&hellip;]<\/p>\n","protected":false},"author":3,"featured_media":0,"parent":0,"menu_order":0,"comment_status":"closed","ping_status":"open","template":"","meta":{"inline_featured_image":false,"footnotes":""},"class_list":["post-14275","page","type-page","status-publish","hentry"],"_links":{"self":[{"href":"https:\/\/marketplussolutions.com\/de\/wp-json\/wp\/v2\/pages\/14275","targetHints":{"allow":["GET"]}}],"collection":[{"href":"https:\/\/marketplussolutions.com\/de\/wp-json\/wp\/v2\/pages"}],"about":[{"href":"https:\/\/marketplussolutions.com\/de\/wp-json\/wp\/v2\/types\/page"}],"author":[{"embeddable":true,"href":"https:\/\/marketplussolutions.com\/de\/wp-json\/wp\/v2\/users\/3"}],"replies":[{"embeddable":true,"href":"https:\/\/marketplussolutions.com\/de\/wp-json\/wp\/v2\/comments?post=14275"}],"version-history":[{"count":18,"href":"https:\/\/marketplussolutions.com\/de\/wp-json\/wp\/v2\/pages\/14275\/revisions"}],"predecessor-version":[{"id":20385,"href":"https:\/\/marketplussolutions.com\/de\/wp-json\/wp\/v2\/pages\/14275\/revisions\/20385"}],"wp:attachment":[{"href":"https:\/\/marketplussolutions.com\/de\/wp-json\/wp\/v2\/media?parent=14275"}],"curies":[{"name":"wp","href":"https:\/\/api.w.org\/{rel}","templated":true}]}}