{"id":13632,"date":"2022-03-23T09:19:24","date_gmt":"2022-03-23T09:19:24","guid":{"rendered":"https:\/\/marketplussolutions.com\/blogs\/"},"modified":"2025-06-21T13:05:11","modified_gmt":"2025-06-21T13:05:11","slug":"blogs","status":"publish","type":"page","link":"https:\/\/marketplussolutions.com\/de\/blogs\/","title":{"rendered":"Blogs"},"content":{"rendered":"\t\t<div data-elementor-type=\"wp-page\" data-elementor-id=\"13632\" class=\"elementor elementor-13632 elementor-10423\" data-elementor-post-type=\"page\">\n\t\t\t\t<div class=\"elementor-element elementor-element-719c1a4 css-bg css-bg-image-animation e-flex e-con-boxed e-con e-parent\" data-id=\"719c1a4\" data-element_type=\"container\" data-e-type=\"container\" data-settings=\"{&quot;background_background&quot;:&quot;classic&quot;}\">\n\t\t\t\t\t<div class=\"e-con-inner\">\n\t\t\t\t<div class=\"elementor-element elementor-element-30e502 elementor-widget__width-inherit balance-text elementor-widget elementor-widget-heading\" data-id=\"30e502\" data-element_type=\"widget\" data-e-type=\"widget\" data-widget_type=\"heading.default\">\n\t\t\t\t<div class=\"elementor-widget-container\">\n\t\t\t\t\t<h1 class=\"elementor-heading-title elementor-size-default\">Blogs &amp; Newsletters<\/h1>\t\t\t\t<\/div>\n\t\t\t\t<\/div>\n\t\t\t\t<div class=\"elementor-element elementor-element-108f6b2f elementor-widget__width-initial elementor-widget-mobile__width-initial elementor-widget elementor-widget-text-editor\" data-id=\"108f6b2f\" data-element_type=\"widget\" data-e-type=\"widget\" data-widget_type=\"text-editor.default\">\n\t\t\t\t<div class=\"elementor-widget-container\">\n\t\t\t\t\t\t\t\t\t<p><span style=\"font-weight: 400;\">Erfolg entsteht durch kleine, konsequente Schritte. Mit der kontinuierlichen Umsetzung neuer Marketingstrategien k\u00f6nnen Sie Ihre Ziele erreichen und auf jedem Schritt wertvolle Fortschritte machen.<\/span><\/p>\t\t\t\t\t\t\t\t<\/div>\n\t\t\t\t<\/div>\n\t\t\t\t\t<\/div>\n\t\t\t\t<\/div>\n\t\t<div class=\"elementor-element elementor-element-32d7e65 section-custom-padding e-flex e-con-boxed e-con e-parent\" data-id=\"32d7e65\" data-element_type=\"container\" data-e-type=\"container\" data-settings=\"{&quot;background_background&quot;:&quot;classic&quot;}\">\n\t\t\t\t\t<div class=\"e-con-inner\">\n\t\t<div class=\"elementor-element elementor-element-14b9899d service-page-box e-con-full e-flex e-con e-child\" data-id=\"14b9899d\" data-element_type=\"container\" data-e-type=\"container\">\n\t\t\t\t<div class=\"elementor-element elementor-element-5464b19d duel-heading-margin aleft elementor-widget elementor-widget-wgl-double-heading\" data-id=\"5464b19d\" data-element_type=\"widget\" data-e-type=\"widget\" data-widget_type=\"wgl-double-heading.default\">\n\t\t\t\t<div class=\"elementor-widget-container\">\n\t\t\t\t\t<div class=\"wgl-double-heading\"><div class=\"dblh__subtitle\"><span>Blogs &amp; Updates<\/span><\/div><h4 class=\"dblh__title-wrapper\"><span class=\"dblh__title dblh__title-1\">Digitale Marketing-Blog<\/span><\/h4><\/div>\t\t\t\t<\/div>\n\t\t\t\t<\/div>\n\t\t\t\t<div class=\"elementor-element elementor-element-2deea9f1 elementor-widget__width-initial elementor-widget elementor-widget-text-editor\" data-id=\"2deea9f1\" data-element_type=\"widget\" data-e-type=\"widget\" data-widget_type=\"text-editor.default\">\n\t\t\t\t<div class=\"elementor-widget-container\">\n\t\t\t\t\t\t\t\t\t<p><span style=\"font-weight: 400;\">Willkommen auf dem Marketing-Blog von Market Plus Solutions \u2013 deine Anlaufstelle f\u00fcr essenzielles Marketing-Wissen! Unsere Experten teilen die neuesten Trends, bew\u00e4hrte Strategien und fundierte Analysen, um dir wertvolle Inhalte zu bieten \u2013 ganz gleich, ob du Anf\u00e4nger oder erfahrener Marketer bist.<\/span><\/p><p><span style=\"font-weight: 400;\">Obwohl wir auf die Unterst\u00fctzung von Kleinunternehmen und Start-ups spezialisiert sind, richtet sich unser Blog an B2B- und B2C-Unternehmen jeder Gr\u00f6\u00dfe. Jeder Beitrag wird sorgf\u00e4ltig erstellt, um dich sicher durch die dynamische und st\u00e4ndig wandelnde Welt des digitalen Marketings zu f\u00fchren.<\/span><\/p><p><span style=\"font-weight: 400;\">Werde Teil unserer Gemeinschaft von Innovatoren, entdecke neue Ideen, kn\u00fcpfe wertvolle Verbindungen und lass dich inspirieren, um die Grenzen des M\u00f6glichen im Marketing zu erweitern.<\/span><\/p>\t\t\t\t\t\t\t\t<\/div>\n\t\t\t\t<\/div>\n\t\t\t\t<\/div>\n\t\t\t\t\t<\/div>\n\t\t\t\t<\/div>\n\t\t\t\t<section class=\"elementor-section elementor-top-section elementor-element elementor-element-e589e6a elementor-section-boxed elementor-section-height-default elementor-section-height-default\" data-id=\"e589e6a\" data-element_type=\"section\" data-e-type=\"section\">\n\t\t\t\t\t\t<div class=\"elementor-container elementor-column-gap-default\">\n\t\t\t\t\t<div class=\"elementor-column elementor-col-100 elementor-top-column elementor-element elementor-element-c1a59bb\" data-id=\"c1a59bb\" data-element_type=\"column\" data-e-type=\"column\">\n\t\t\t<div class=\"elementor-widget-wrap elementor-element-populated\">\n\t\t\t\t\t\t<div class=\"elementor-element elementor-element-859d7ec nav-center elementor-widget elementor-widget-wgl-blog\" data-id=\"859d7ec\" data-element_type=\"widget\" data-e-type=\"widget\" data-settings=\"{&quot;blog_columns&quot;:&quot;4&quot;}\" data-widget_type=\"wgl-blog.default\">\n\t\t\t\t<div class=\"elementor-widget-container\">\n\t\t\t\t\t<section class=\"wgl_cpt_section\"><div class=\"blog-posts\"><div class=\"container-grid row blog_columns-3 grid blog-style-standard\">    <div class=\"item wgl_col-4\">\n    <div class=\"blog-post format-standard-image\">\n    <div class=\"blog-post_wrapper\"><div class=\"blog-post_media\"><div class=\"blog-post_media_part\"><a href=\"https:\/\/marketplussolutions.com\/de\/b2b-it-content-marketing\/\" class=\"media-link image-overlay\"><img decoding=\"async\" src=\"https:\/\/marketplussolutions.com\/wp-content\/uploads\/2025\/12\/Navy-And-White-Modern-SEO-Keyword-Research-Youtube-Thumbnail-1075x806.jpg\" alt=\"Small B2B IT companies\"><\/a><\/div><\/div>    <div class=\"blog-post_content\"><h3 class=\"blog-post_title\"><a href=\"https:\/\/marketplussolutions.com\/de\/b2b-it-content-marketing\/\">B2B IT Content Marketing: What Decision-Makers Actually Want<\/a><\/h3><div class=\"clear\"><\/div><div class=\"blog-post_footer\">            <div class=\"read-more-wrap\">\n                <a href=\"https:\/\/marketplussolutions.com\/de\/b2b-it-content-marketing\/\" class=\"button-read-more\">\n                    <i class=\"flaticon flaticon-plus read-more-icon\"><\/i><span>Read More...<\/span>                <\/a>\n            <\/div>    <\/div>\n    <\/div>\n    <\/div>\n    <\/div>\n    <\/div>    <div class=\"item wgl_col-4\">\n    <div class=\"blog-post format-standard-image\">\n    <div class=\"blog-post_wrapper\"><div class=\"blog-post_media\"><div class=\"blog-post_media_part\"><a href=\"https:\/\/marketplussolutions.com\/de\/saas-onboarding-bottlenecks\/\" class=\"media-link image-overlay\"><img decoding=\"async\" src=\"https:\/\/marketplussolutions.com\/wp-content\/uploads\/2025\/08\/Modern-Business-Workflow-Optimization-Infographic-Presentation-919x689.jpg\" alt=\"Eliminate Your SaaS Onboarding Bottlenecks\"><\/a><\/div><\/div>    <div class=\"blog-post_content\"><h3 class=\"blog-post_title\"><a href=\"https:\/\/marketplussolutions.com\/de\/saas-onboarding-bottlenecks\/\">How to Fix SaaS Onboarding Bottlenecks Before They Cost You<\/a><\/h3><div class=\"clear\"><\/div><div class=\"blog-post_footer\">            <div class=\"read-more-wrap\">\n                <a href=\"https:\/\/marketplussolutions.com\/de\/saas-onboarding-bottlenecks\/\" class=\"button-read-more\">\n                    <i class=\"flaticon flaticon-plus read-more-icon\"><\/i><span>Read More...<\/span>                <\/a>\n            <\/div>    <\/div>\n    <\/div>\n    <\/div>\n    <\/div>\n    <\/div>    <div class=\"item wgl_col-4\">\n    <div class=\"blog-post format-standard-image\">\n    <div class=\"blog-post_wrapper\"><div class=\"blog-post_media\"><div class=\"blog-post_media_part\"><a href=\"https:\/\/marketplussolutions.com\/de\/digital-marketing-for-failing-it-startups\/\" class=\"media-link image-overlay\"><img decoding=\"async\" src=\"https:\/\/marketplussolutions.com\/wp-content\/uploads\/2025\/08\/306-1-1000x750.jpg\" alt=\"Can Digital Marketing Save a Failing IT Startup?\"><\/a><\/div><\/div>    <div class=\"blog-post_content\"><h3 class=\"blog-post_title\"><a href=\"https:\/\/marketplussolutions.com\/de\/digital-marketing-for-failing-it-startups\/\">Can Digital Marketing Save a Failing IT Startup? Yes\u2014Here\u2019s How<\/a><\/h3><div class=\"clear\"><\/div><div class=\"blog-post_footer\">            <div class=\"read-more-wrap\">\n                <a href=\"https:\/\/marketplussolutions.com\/de\/digital-marketing-for-failing-it-startups\/\" class=\"button-read-more\">\n                    <i class=\"flaticon flaticon-plus read-more-icon\"><\/i><span>Read More...<\/span>                <\/a>\n            <\/div>    <\/div>\n    <\/div>\n    <\/div>\n    <\/div>\n    <\/div>    <div class=\"item wgl_col-4\">\n    <div class=\"blog-post format-standard-image\">\n    <div class=\"blog-post_wrapper\"><div class=\"blog-post_media\"><div class=\"blog-post_media_part\"><a href=\"https:\/\/marketplussolutions.com\/de\/product-market-fit-saas\/\" class=\"media-link image-overlay\"><img decoding=\"async\" src=\"https:\/\/marketplussolutions.com\/wp-content\/uploads\/2025\/07\/Black-and-Grey-Minimalist-Portfolio-Cover-Page-1669x1252.jpg\" alt=\"How to Build a Product-Market Fit SaaS Before You Scale Too Soon\"><\/a><\/div><\/div>    <div class=\"blog-post_content\"><h3 class=\"blog-post_title\"><a href=\"https:\/\/marketplussolutions.com\/de\/product-market-fit-saas\/\">Product-Market Fit SaaS: How to Find It, Prove It, and Scale It Right<\/a><\/h3><div class=\"clear\"><\/div><div class=\"blog-post_footer\">            <div class=\"read-more-wrap\">\n                <a href=\"https:\/\/marketplussolutions.com\/de\/product-market-fit-saas\/\" class=\"button-read-more\">\n                    <i class=\"flaticon flaticon-plus read-more-icon\"><\/i><span>Read More...<\/span>                <\/a>\n            <\/div>    <\/div>\n    <\/div>\n    <\/div>\n    <\/div>\n    <\/div>    <div class=\"item wgl_col-4\">\n    <div class=\"blog-post format-standard-image\">\n    <div class=\"blog-post_wrapper\"><div class=\"blog-post_media\"><div class=\"blog-post_media_part\"><a href=\"https:\/\/marketplussolutions.com\/de\/why-saas-marketing-fails\/\" class=\"media-link image-overlay\"><img decoding=\"async\" src=\"https:\/\/marketplussolutions.com\/wp-content\/uploads\/2025\/06\/5021-2-1000x750.jpg\" alt=\"SaaS Marketing\"><\/a><\/div><\/div>    <div class=\"blog-post_content\"><h3 class=\"blog-post_title\"><a href=\"https:\/\/marketplussolutions.com\/de\/why-saas-marketing-fails\/\">SaaS Marketing Is Broken \u2014 And Content Marketing Isn\u2019t the Fix Everyone Thinks It Is<\/a><\/h3><div class=\"clear\"><\/div><div class=\"blog-post_footer\">            <div class=\"read-more-wrap\">\n                <a href=\"https:\/\/marketplussolutions.com\/de\/why-saas-marketing-fails\/\" class=\"button-read-more\">\n                    <i class=\"flaticon flaticon-plus read-more-icon\"><\/i><span>Read More...<\/span>                <\/a>\n            <\/div>    <\/div>\n    <\/div>\n    <\/div>\n    <\/div>\n    <\/div>    <div class=\"item wgl_col-4\">\n    <div class=\"blog-post format-standard-image\">\n    <div class=\"blog-post_wrapper\"><div class=\"blog-post_media\"><div class=\"blog-post_media_part\"><a href=\"https:\/\/marketplussolutions.com\/de\/google-ai-mode\/\" class=\"media-link image-overlay\"><img decoding=\"async\" src=\"https:\/\/marketplussolutions.com\/wp-content\/uploads\/2025\/06\/0000000111-750x563.jpg\" alt=\"Google AI Mode: How to Avoid Disappearing from Search in 2025\"><\/a><\/div><\/div>    <div class=\"blog-post_content\"><h3 class=\"blog-post_title\"><a href=\"https:\/\/marketplussolutions.com\/de\/google-ai-mode\/\">Why Google AI Mode Is a Threat to Businesses That Depend on Organic Traffic<\/a><\/h3><div class=\"clear\"><\/div><div class=\"blog-post_footer\">            <div class=\"read-more-wrap\">\n                <a href=\"https:\/\/marketplussolutions.com\/de\/google-ai-mode\/\" class=\"button-read-more\">\n                    <i class=\"flaticon flaticon-plus read-more-icon\"><\/i><span>Read More...<\/span>                <\/a>\n            <\/div>    <\/div>\n    <\/div>\n    <\/div>\n    <\/div>\n    <\/div><\/div><\/div><ul class=\"wgl-pagination\"><li class='page'><span aria-current=\"page\" class=\"page-numbers current\">1<\/span><\/li><li class='page'><a class=\"page-numbers\" href=\"https:\/\/marketplussolutions.com\/de\/wp-json\/wp\/v2\/pages\/13632\/page\/2\/\">2<\/a><\/li><li class='page'><a class=\"page-numbers\" href=\"https:\/\/marketplussolutions.com\/de\/wp-json\/wp\/v2\/pages\/13632\/page\/3\/\">3<\/a><\/li><li class='page'><span class=\"page-numbers dots\">&hellip;<\/span><\/li><li class='page'><a class=\"page-numbers\" href=\"https:\/\/marketplussolutions.com\/de\/wp-json\/wp\/v2\/pages\/13632\/page\/8\/\">8<\/a><\/li><li class='page'><a class=\"next page-numbers\" href=\"https:\/\/marketplussolutions.com\/de\/wp-json\/wp\/v2\/pages\/13632\/page\/2\/\"><i class=\"wgl_pagination_next flaticon flaticon-right\"><svg width=\"14\" height=\"16\" viewBox=\"0 0 14 16\" xmlns=\"http:\/\/www.w3.org\/2000\/svg\" fill=\"#fff\"><path d=\"M13.435 8.70711C13.8256 8.31658 13.8256 7.68342 13.435 7.29289L7.07107 0.928932C6.68054 0.538408 6.04738 0.538408 5.65685 0.928932C5.26633 1.31946 5.26633 1.95262 5.65685 2.34315L11.3137 8L5.65685 13.6569C5.26633 14.0474 5.26633 14.6805 5.65685 15.0711C6.04738 15.4616 6.68054 15.4616 7.07107 15.0711L13.435 8.70711ZM0 9H12.7279V7L0 7L0 9Z\"\/><\/svg><\/i><\/a><\/li><\/ul><\/section>\t\t\t\t<\/div>\n\t\t\t\t<\/div>\n\t\t\t\t<div class=\"elementor-element elementor-element-3ae7c1b elementor-widget elementor-widget-html\" data-id=\"3ae7c1b\" data-element_type=\"widget\" data-e-type=\"widget\" data-widget_type=\"html.default\">\n\t\t\t\t<div class=\"elementor-widget-container\">\n\t\t\t\t\t<style>.blog-posts{\n  & .container-grid{\n    display: flex;\n    flex-wrap: wrap;\n    &:before,:after{\n      display:none;\n    }\n    & .item {\n      display:flex;\n      flex-direction:column;\n      float: none;\n      & .blog-post{\n        height:100%;\n        flex: 1;\n        display: flex;\n        flex-direction:column;\n        border-radius: 10px;\n        overflow: hidden;\n        \n        & .blog-post_wrapper{\n          height:100%; \n        }\n      }\n    }\n  }\n}<\/style>\t\t\t\t<\/div>\n\t\t\t\t<\/div>\n\t\t\t\t<div class=\"elementor-element elementor-element-97a1c05 elementor-widget elementor-widget-spacer\" data-id=\"97a1c05\" data-element_type=\"widget\" data-e-type=\"widget\" data-widget_type=\"spacer.default\">\n\t\t\t\t<div class=\"elementor-widget-container\">\n\t\t\t\t\t\t\t<div class=\"elementor-spacer\">\n\t\t\t<div class=\"elementor-spacer-inner\"><\/div>\n\t\t<\/div>\n\t\t\t\t\t\t<\/div>\n\t\t\t\t<\/div>\n\t\t\t\t\t<\/div>\n\t\t<\/div>\n\t\t\t\t\t<\/div>\n\t\t<\/section>\n\t\t\t\t<\/div>\n\t\t","protected":false},"excerpt":{"rendered":"<p>Blogs &amp; Newsletters Erfolg entsteht durch kleine, konsequente Schritte. Mit der kontinuierlichen Umsetzung neuer Marketingstrategien k\u00f6nnen Sie Ihre Ziele erreichen und auf jedem Schritt wertvolle Fortschritte machen. Blogs &amp; Updates Digitale Marketing-Blog Willkommen auf dem Marketing-Blog von Market Plus Solutions \u2013 deine Anlaufstelle f\u00fcr essenzielles Marketing-Wissen! Unsere Experten teilen die neuesten Trends, bew\u00e4hrte Strategien und [&hellip;]<\/p>\n","protected":false},"author":3,"featured_media":0,"parent":0,"menu_order":0,"comment_status":"closed","ping_status":"closed","template":"","meta":{"inline_featured_image":false,"footnotes":""},"class_list":["post-13632","page","type-page","status-publish","hentry"],"_links":{"self":[{"href":"https:\/\/marketplussolutions.com\/de\/wp-json\/wp\/v2\/pages\/13632","targetHints":{"allow":["GET"]}}],"collection":[{"href":"https:\/\/marketplussolutions.com\/de\/wp-json\/wp\/v2\/pages"}],"about":[{"href":"https:\/\/marketplussolutions.com\/de\/wp-json\/wp\/v2\/types\/page"}],"author":[{"embeddable":true,"href":"https:\/\/marketplussolutions.com\/de\/wp-json\/wp\/v2\/users\/3"}],"replies":[{"embeddable":true,"href":"https:\/\/marketplussolutions.com\/de\/wp-json\/wp\/v2\/comments?post=13632"}],"version-history":[{"count":13,"href":"https:\/\/marketplussolutions.com\/de\/wp-json\/wp\/v2\/pages\/13632\/revisions"}],"predecessor-version":[{"id":20112,"href":"https:\/\/marketplussolutions.com\/de\/wp-json\/wp\/v2\/pages\/13632\/revisions\/20112"}],"wp:attachment":[{"href":"https:\/\/marketplussolutions.com\/de\/wp-json\/wp\/v2\/media?parent=13632"}],"curies":[{"name":"wp","href":"https:\/\/api.w.org\/{rel}","templated":true}]}}